{"id":3214,"date":"2026-02-05T11:09:48","date_gmt":"2026-02-05T11:09:48","guid":{"rendered":"https:\/\/espaciosparaser.com\/?page_id=3214"},"modified":"2026-02-17T10:36:52","modified_gmt":"2026-02-17T10:36:52","slug":"villa-santuario","status":"publish","type":"page","link":"https:\/\/espaciosparaser.com\/index.php\/villa-santuario\/","title":{"rendered":"Villa Santuario"},"content":{"rendered":"\t\t<div data-elementor-type=\"wp-page\" data-elementor-id=\"3214\" class=\"elementor elementor-3214\" data-elementor-post-type=\"page\">\n\t\t\t\t<div class=\"elementor-element elementor-element-087c7b6 e-flex e-con-boxed e-con e-parent\" data-id=\"087c7b6\" data-element_type=\"container\" data-e-type=\"container\">\n\t\t\t\t\t<div class=\"e-con-inner\">\n\t\t\t\t<div class=\"elementor-element elementor-element-127e797 elementor-widget elementor-widget-heading\" data-id=\"127e797\" data-element_type=\"widget\" data-e-type=\"widget\" data-widget_type=\"heading.default\">\n\t\t\t\t<div class=\"elementor-widget-container\">\n\t\t\t\t\t<h2 class=\"elementor-heading-title elementor-size-default\">Villa Santuario | Wellness Design<\/h2>\t\t\t\t<\/div>\n\t\t\t\t<\/div>\n\t\t\t\t<div class=\"elementor-element elementor-element-104ac81 elementor-widget elementor-widget-text-editor\" data-id=\"104ac81\" data-element_type=\"widget\" data-e-type=\"widget\" data-widget_type=\"text-editor.default\">\n\t\t\t\t<div class=\"elementor-widget-container\">\n\t\t\t\t\t\t\t\t\t<p>Ubicaci\u00f3n: Colombia (latitud 6.17\u00b0N)<br \/>Superficie: 450 m\u00b2<br \/>Programa: Vivienda unifamiliar, 4 personas<br \/>Estado: Proyecto completado enero 2026.<\/p><p>Este proyecto naci\u00f3 de la pregunta fundamental en el wellness design: \u00bfpuede un espacio no solo acoger, sino activamente restaurar a sus habitantes?<\/p>\t\t\t\t\t\t\t\t<\/div>\n\t\t\t\t<\/div>\n\t\t\t\t\t<\/div>\n\t\t\t\t<\/div>\n\t\t<div class=\"elementor-element elementor-element-b85eb09 e-grid e-con-boxed e-con e-parent\" data-id=\"b85eb09\" data-element_type=\"container\" data-e-type=\"container\">\n\t\t\t\t\t<div class=\"e-con-inner\">\n\t\t\t\t<div class=\"elementor-element elementor-element-aa8a995 elementor-widget elementor-widget-image\" data-id=\"aa8a995\" data-element_type=\"widget\" data-e-type=\"widget\" data-widget_type=\"image.default\">\n\t\t\t\t<div class=\"elementor-widget-container\">\n\t\t\t\t\t\t\t\t\t\t\t\t\t\t\t<img fetchpriority=\"high\" decoding=\"async\" width=\"1008\" height=\"574\" src=\"https:\/\/espaciosparaser.com\/wp-content\/uploads\/2026\/02\/Villa-santuario.jpg\" class=\"attachment-large size-large wp-image-3245\" alt=\"\" srcset=\"https:\/\/espaciosparaser.com\/wp-content\/uploads\/2026\/02\/Villa-santuario.jpg 1008w, https:\/\/espaciosparaser.com\/wp-content\/uploads\/2026\/02\/Villa-santuario-300x171.jpg 300w, https:\/\/espaciosparaser.com\/wp-content\/uploads\/2026\/02\/Villa-santuario-768x437.jpg 768w, https:\/\/espaciosparaser.com\/wp-content\/uploads\/2026\/02\/Villa-santuario-600x342.jpg 600w\" sizes=\"(max-width: 1008px) 100vw, 1008px\" \/>\t\t\t\t\t\t\t\t\t\t\t\t\t\t\t<\/div>\n\t\t\t\t<\/div>\n\t\t\t\t<div class=\"elementor-element elementor-element-8929ad7 elementor-widget elementor-widget-text-editor\" data-id=\"8929ad7\" data-element_type=\"widget\" data-e-type=\"widget\" data-widget_type=\"text-editor.default\">\n\t\t\t\t<div class=\"elementor-widget-container\">\n\t\t\t\t\t\t\t\t\t<p>Villa Colombia es la materializaci\u00f3n de esa respuesta \u2014 un refugio dise\u00f1ado para optimizar el descanso, la conexi\u00f3n familiar y el bienestar profundo. El dise\u00f1o integra un sistema completo de organizaci\u00f3n espacial ancestral: orientaci\u00f3n de cada funci\u00f3n seg\u00fan su naturaleza, n\u00facleo central despejado, y flujo de circulaci\u00f3n que respeta los principios milenarios del Vastu Shastra.<br \/>La alineaci\u00f3n con los ritmos del cosmos y la naturaleza fueron el punto de partida. Entendiendo los flujos de energ\u00eda de sus habitantes, se dise\u00f1aron los flujos de energ\u00eda de la vivienda.<\/p>\t\t\t\t\t\t\t\t<\/div>\n\t\t\t\t<\/div>\n\t\t\t\t\t<\/div>\n\t\t\t\t<\/div>\n\t\t<div class=\"elementor-element elementor-element-db3ce33 e-grid e-con-boxed e-con e-parent\" data-id=\"db3ce33\" data-element_type=\"container\" data-e-type=\"container\">\n\t\t\t\t\t<div class=\"e-con-inner\">\n\t\t\t\t<div class=\"elementor-element elementor-element-4051af7 elementor-widget elementor-widget-text-editor\" data-id=\"4051af7\" data-element_type=\"widget\" data-e-type=\"widget\" data-widget_type=\"text-editor.default\">\n\t\t\t\t<div class=\"elementor-widget-container\">\n\t\t\t\t\t\t\t\t\t<p>La alineaci\u00f3n con los ritmos del cosmos y la naturaleza fueron el punto de partida. Entendiendo los flujos de energ\u00eda de sus habitantes, se dise\u00f1aron los flujos de energ\u00eda de la vivienda.<\/p>\t\t\t\t\t\t\t\t<\/div>\n\t\t\t\t<\/div>\n\t\t\t\t<div class=\"elementor-element elementor-element-1e1eaee elementor-widget elementor-widget-image\" data-id=\"1e1eaee\" data-element_type=\"widget\" data-e-type=\"widget\" data-widget_type=\"image.default\">\n\t\t\t\t<div class=\"elementor-widget-container\">\n\t\t\t\t\t\t\t\t\t\t\t\t\t\t\t<img decoding=\"async\" width=\"1024\" height=\"576\" src=\"https:\/\/espaciosparaser.com\/wp-content\/uploads\/2026\/02\/SalonNuevo9-1024x576.jpg\" class=\"attachment-large size-large wp-image-3210\" alt=\"\" srcset=\"https:\/\/espaciosparaser.com\/wp-content\/uploads\/2026\/02\/SalonNuevo9-1024x576.jpg 1024w, https:\/\/espaciosparaser.com\/wp-content\/uploads\/2026\/02\/SalonNuevo9-300x169.jpg 300w, https:\/\/espaciosparaser.com\/wp-content\/uploads\/2026\/02\/SalonNuevo9-768x432.jpg 768w, https:\/\/espaciosparaser.com\/wp-content\/uploads\/2026\/02\/SalonNuevo9-1536x864.jpg 1536w, https:\/\/espaciosparaser.com\/wp-content\/uploads\/2026\/02\/SalonNuevo9-600x338.jpg 600w, https:\/\/espaciosparaser.com\/wp-content\/uploads\/2026\/02\/SalonNuevo9.jpg 1920w\" sizes=\"(max-width: 1024px) 100vw, 1024px\" \/>\t\t\t\t\t\t\t\t\t\t\t\t\t\t\t<\/div>\n\t\t\t\t<\/div>\n\t\t\t\t\t<\/div>\n\t\t\t\t<\/div>\n\t\t<div class=\"elementor-element elementor-element-fb4d58d e-flex e-con-boxed e-con e-parent\" data-id=\"fb4d58d\" data-element_type=\"container\" data-e-type=\"container\">\n\t\t\t\t\t<div class=\"e-con-inner\">\n\t\t\t\t<div class=\"elementor-element elementor-element-698cea1 elementor-widget elementor-widget-text-editor\" data-id=\"698cea1\" data-element_type=\"widget\" data-e-type=\"widget\" data-widget_type=\"text-editor.default\">\n\t\t\t\t<div class=\"elementor-widget-container\">\n\t\t\t\t\t\t\t\t\t<p><strong>Estrategia Wellness Design<\/strong><\/p>\t\t\t\t\t\t\t\t<\/div>\n\t\t\t\t<\/div>\n\t\t\t\t\t<\/div>\n\t\t\t\t<\/div>\n\t\t<div class=\"elementor-element elementor-element-4ee63df e-flex e-con-boxed e-con e-parent\" data-id=\"4ee63df\" data-element_type=\"container\" data-e-type=\"container\">\n\t\t\t\t\t<div class=\"e-con-inner\">\n\t\t\t\t<div class=\"elementor-element elementor-element-14bfb4c elementor-widget elementor-widget-text-editor\" data-id=\"14bfb4c\" data-element_type=\"widget\" data-e-type=\"widget\" data-widget_type=\"text-editor.default\">\n\t\t\t\t<div class=\"elementor-widget-container\">\n\t\t\t\t\t\t\t\t\t<p><strong>Biofilia extrema<\/strong><br \/>Patio central vegetado que ocupa el 40% de la superficie total. Desde el 80% de los espacios interiores hay conexi\u00f3n visual directa con la naturaleza.<\/p>\t\t\t\t\t\t\t\t<\/div>\n\t\t\t\t<\/div>\n\t\t\t\t\t<\/div>\n\t\t\t\t<\/div>\n\t\t<div class=\"elementor-element elementor-element-c71daaf e-grid e-con-boxed e-con e-parent\" data-id=\"c71daaf\" data-element_type=\"container\" data-e-type=\"container\">\n\t\t\t\t\t<div class=\"e-con-inner\">\n\t\t\t\t<div class=\"elementor-element elementor-element-20b61a8 elementor-widget elementor-widget-image\" data-id=\"20b61a8\" data-element_type=\"widget\" data-e-type=\"widget\" data-widget_type=\"image.default\">\n\t\t\t\t<div class=\"elementor-widget-container\">\n\t\t\t\t\t\t\t\t\t\t\t\t\t\t\t<img decoding=\"async\" width=\"816\" height=\"1024\" src=\"https:\/\/espaciosparaser.com\/wp-content\/uploads\/2026\/02\/ES-Hab1-816x1024.jpg\" class=\"attachment-large size-large wp-image-3252\" alt=\"\" srcset=\"https:\/\/espaciosparaser.com\/wp-content\/uploads\/2026\/02\/ES-Hab1-816x1024.jpg 816w, https:\/\/espaciosparaser.com\/wp-content\/uploads\/2026\/02\/ES-Hab1-239x300.jpg 239w, https:\/\/espaciosparaser.com\/wp-content\/uploads\/2026\/02\/ES-Hab1-768x964.jpg 768w, https:\/\/espaciosparaser.com\/wp-content\/uploads\/2026\/02\/ES-Hab1-300x376.jpg 300w, https:\/\/espaciosparaser.com\/wp-content\/uploads\/2026\/02\/ES-Hab1-600x753.jpg 600w, https:\/\/espaciosparaser.com\/wp-content\/uploads\/2026\/02\/ES-Hab1.jpg 1020w\" sizes=\"(max-width: 816px) 100vw, 816px\" \/>\t\t\t\t\t\t\t\t\t\t\t\t\t\t\t<\/div>\n\t\t\t\t<\/div>\n\t\t\t\t<div class=\"elementor-element elementor-element-72ffd14 elementor-widget elementor-widget-text-editor\" data-id=\"72ffd14\" data-element_type=\"widget\" data-e-type=\"widget\" data-widget_type=\"text-editor.default\">\n\t\t\t\t<div class=\"elementor-widget-container\">\n\t\t\t\t\t\t\t\t\t<p>\u00a0<\/p><p><strong>Iluminaci\u00f3n natural optimizada.<\/strong><br \/>Sistema de celos\u00edas que controla la entrada de luz cenital. Orientaciones calibradas seg\u00fan el recorrido solar espec\u00edfico de latitud ecuatorial.<\/p><p><strong>Materialidad natural<\/strong><br \/>60% de superficies en madera tropical local termotratada. Piedra natural en zonas h\u00famedas. Textiles de fibras naturales.<\/p><p><strong>Geometr\u00eda consciente<\/strong><br \/>Proporciones basadas en principios de armon\u00eda espacial y Vastu Shastra. Alturas de techo variables seg\u00fan la funci\u00f3n de cada espacio.<\/p><p><strong>Resultados esperados<\/strong><br \/>&#8211; Temperatura percibida: -2\/3\u00b0C respecto a viviendas tradicionales (ventilaci\u00f3n cruzada + vegetaci\u00f3n)<br \/>&#8211; Calidad de aire: +35% respecto al est\u00e1ndar (plantas purificadoras estrat\u00e9gicas)<br \/>&#8211; Bienestar subjetivo: a medir post-ocupaci\u00f3n mediante escalas validadas.<\/p>\t\t\t\t\t\t\t\t<\/div>\n\t\t\t\t<\/div>\n\t\t\t\t\t<\/div>\n\t\t\t\t<\/div>\n\t\t<div class=\"elementor-element elementor-element-d0883e6 e-flex e-con-boxed e-con e-parent\" data-id=\"d0883e6\" data-element_type=\"container\" data-e-type=\"container\">\n\t\t\t\t\t<div class=\"e-con-inner\">\n\t\t\t\t<div class=\"elementor-element elementor-element-2b1da86 elementor-widget elementor-widget-image\" data-id=\"2b1da86\" data-element_type=\"widget\" data-e-type=\"widget\" data-widget_type=\"image.default\">\n\t\t\t\t<div class=\"elementor-widget-container\">\n\t\t\t\t\t\t\t\t\t\t\t\t\t\t\t<img loading=\"lazy\" decoding=\"async\" width=\"1024\" height=\"576\" src=\"https:\/\/espaciosparaser.com\/wp-content\/uploads\/2026\/02\/E_S-facade-1024x576.jpg\" class=\"attachment-large size-large wp-image-3257\" alt=\"\" srcset=\"https:\/\/espaciosparaser.com\/wp-content\/uploads\/2026\/02\/E_S-facade-1024x576.jpg 1024w, https:\/\/espaciosparaser.com\/wp-content\/uploads\/2026\/02\/E_S-facade-300x169.jpg 300w, https:\/\/espaciosparaser.com\/wp-content\/uploads\/2026\/02\/E_S-facade-768x432.jpg 768w, https:\/\/espaciosparaser.com\/wp-content\/uploads\/2026\/02\/E_S-facade-1536x864.jpg 1536w, https:\/\/espaciosparaser.com\/wp-content\/uploads\/2026\/02\/E_S-facade-600x338.jpg 600w, https:\/\/espaciosparaser.com\/wp-content\/uploads\/2026\/02\/E_S-facade.jpg 1920w\" sizes=\"(max-width: 1024px) 100vw, 1024px\" \/>\t\t\t\t\t\t\t\t\t\t\t\t\t\t\t<\/div>\n\t\t\t\t<\/div>\n\t\t\t\t\t<\/div>\n\t\t\t\t<\/div>\n\t\t<div class=\"elementor-element elementor-element-be0abc4 e-flex e-con-boxed e-con e-parent\" data-id=\"be0abc4\" data-element_type=\"container\" data-e-type=\"container\">\n\t\t\t\t\t<div class=\"e-con-inner\">\n\t\t\t\t<div class=\"elementor-element elementor-element-9219f89 elementor-widget elementor-widget-heading\" data-id=\"9219f89\" data-element_type=\"widget\" data-e-type=\"widget\" data-widget_type=\"heading.default\">\n\t\t\t\t<div class=\"elementor-widget-container\">\n\t\t\t\t\t<h2 class=\"elementor-heading-title elementor-size-default\">\u00bfQuieres un espacio dise\u00f1ado para tu bienestar?<\/h2>\t\t\t\t<\/div>\n\t\t\t\t<\/div>\n\t\t\t\t\t<\/div>\n\t\t\t\t<\/div>\n\t\t<div class=\"elementor-element elementor-element-77f0306 e-flex e-con-boxed e-con e-parent\" data-id=\"77f0306\" data-element_type=\"container\" data-e-type=\"container\">\n\t\t\t\t\t<div class=\"e-con-inner\">\n\t\t\t\t<div class=\"elementor-element elementor-element-fab112b elementor-align-center elementor-widget elementor-widget-button\" data-id=\"fab112b\" data-element_type=\"widget\" data-e-type=\"widget\" data-widget_type=\"button.default\">\n\t\t\t\t<div class=\"elementor-widget-container\">\n\t\t\t\t\t\t\t\t\t<div class=\"elementor-button-wrapper\">\n\t\t\t\t\t<a class=\"elementor-button elementor-button-link elementor-size-sm\" href=\"https:\/\/espaciosparaser.com\/index.php\/como-trabajo\/\" target=\"_blank\">\n\t\t\t\t\t\t<span class=\"elementor-button-content-wrapper\">\n\t\t\t\t\t\t\t\t\t<span class=\"elementor-button-text\">Descubre c\u00f3mo trabajo<\/span>\n\t\t\t\t\t<\/span>\n\t\t\t\t\t<\/a>\n\t\t\t\t<\/div>\n\t\t\t\t\t\t\t\t<\/div>\n\t\t\t\t<\/div>\n\t\t\t\t\t<\/div>\n\t\t\t\t<\/div>\n\t\t\t\t<\/div>\n\t\t","protected":false},"excerpt":{"rendered":"<p>Villa Santuario | Wellness Design Ubicaci\u00f3n: Colombia (latitud 6.17\u00b0N)Superficie: 450 m\u00b2Programa: Vivienda unifamiliar, 4 personasEstado: Proyecto completado enero 2026. Este proyecto naci\u00f3 de la pregunta fundamental en el wellness design: \u00bfpuede un espacio no solo acoger, sino activamente restaurar a sus habitantes? Villa Colombia es la materializaci\u00f3n de esa respuesta \u2014 un refugio dise\u00f1ado para [&hellip;]<\/p>\n","protected":false},"author":1,"featured_media":0,"parent":0,"menu_order":0,"comment_status":"closed","ping_status":"closed","template":"","meta":{"_themeisle_gutenberg_block_has_review":false,"footnotes":""},"class_list":["post-3214","page","type-page","status-publish","hentry"],"blocksy_meta":[],"_links":{"self":[{"href":"https:\/\/espaciosparaser.com\/index.php\/wp-json\/wp\/v2\/pages\/3214","targetHints":{"allow":["GET"]}}],"collection":[{"href":"https:\/\/espaciosparaser.com\/index.php\/wp-json\/wp\/v2\/pages"}],"about":[{"href":"https:\/\/espaciosparaser.com\/index.php\/wp-json\/wp\/v2\/types\/page"}],"author":[{"embeddable":true,"href":"https:\/\/espaciosparaser.com\/index.php\/wp-json\/wp\/v2\/users\/1"}],"replies":[{"embeddable":true,"href":"https:\/\/espaciosparaser.com\/index.php\/wp-json\/wp\/v2\/comments?post=3214"}],"version-history":[{"count":40,"href":"https:\/\/espaciosparaser.com\/index.php\/wp-json\/wp\/v2\/pages\/3214\/revisions"}],"predecessor-version":[{"id":3702,"href":"https:\/\/espaciosparaser.com\/index.php\/wp-json\/wp\/v2\/pages\/3214\/revisions\/3702"}],"wp:attachment":[{"href":"https:\/\/espaciosparaser.com\/index.php\/wp-json\/wp\/v2\/media?parent=3214"}],"curies":[{"name":"wp","href":"https:\/\/api.w.org\/{rel}","templated":true}]}}