{"id":3075,"date":"2026-02-04T14:37:53","date_gmt":"2026-02-04T14:37:53","guid":{"rendered":"https:\/\/espaciosparaser.com\/?page_id=3075"},"modified":"2026-02-05T10:52:00","modified_gmt":"2026-02-05T10:52:00","slug":"villa-sacra","status":"publish","type":"page","link":"https:\/\/espaciosparaser.com\/index.php\/villa-sacra\/","title":{"rendered":"Villa Sacra es"},"content":{"rendered":"\t\t<div data-elementor-type=\"wp-page\" data-elementor-id=\"3075\" class=\"elementor elementor-3075\" data-elementor-post-type=\"page\">\n\t\t\t\t<div class=\"elementor-element elementor-element-f80a249 e-flex e-con-boxed e-con e-parent\" data-id=\"f80a249\" data-element_type=\"container\" data-e-type=\"container\">\n\t\t\t\t\t<div class=\"e-con-inner\">\n\t\t\t\t<div class=\"elementor-element elementor-element-9e38a8b elementor-widget elementor-widget-video\" data-id=\"9e38a8b\" data-element_type=\"widget\" data-e-type=\"widget\" data-settings=\"{&quot;video_type&quot;:&quot;vimeo&quot;}\" data-widget_type=\"video.default\">\n\t\t\t\t<div class=\"elementor-widget-container\">\n\t\t\t\t\t\t\t<div class=\"elementor-wrapper elementor-open-inline\">\n\t\t\t<iframe class=\"elementor-video-iframe\" allowfullscreen allow=\"clipboard-write\" title=\"Reproductor de v\u00eddeo vimeo\" src=\"https:\/\/player.vimeo.com\/video\/1129586257?color&amp;autopause=0&amp;loop=0&amp;muted=0&amp;title=1&amp;portrait=1&amp;byline=1#t=\"><\/iframe>\t\t<\/div>\n\t\t\t\t\t\t<\/div>\n\t\t\t\t<\/div>\n\t\t\t\t\t<\/div>\n\t\t\t\t<\/div>\n\t\t<div class=\"elementor-element elementor-element-51f2c83 e-flex e-con-boxed e-con e-parent\" data-id=\"51f2c83\" data-element_type=\"container\" data-e-type=\"container\">\n\t\t\t\t\t<div class=\"e-con-inner\">\n\t\t\t\t<div class=\"elementor-element elementor-element-e903e33 elementor-widget elementor-widget-heading\" data-id=\"e903e33\" data-element_type=\"widget\" data-e-type=\"widget\" data-widget_type=\"heading.default\">\n\t\t\t\t<div class=\"elementor-widget-container\">\n\t\t\t\t\t<h2 class=\"elementor-heading-title elementor-size-default\">Villa Sacra<\/h2>\t\t\t\t<\/div>\n\t\t\t\t<\/div>\n\t\t\t\t\t<\/div>\n\t\t\t\t<\/div>\n\t\t<div class=\"elementor-element elementor-element-f7f2225 e-flex e-con-boxed e-con e-parent\" data-id=\"f7f2225\" data-element_type=\"container\" data-e-type=\"container\">\n\t\t\t\t\t<div class=\"e-con-inner\">\n\t\t\t\t<div class=\"elementor-element elementor-element-3fc087b elementor-widget elementor-widget-text-editor\" data-id=\"3fc087b\" data-element_type=\"widget\" data-e-type=\"widget\" data-widget_type=\"text-editor.default\">\n\t\t\t\t<div class=\"elementor-widget-container\">\n\t\t\t\t\t\t\t\t\t<p>Este proyecto naci\u00f3 no de un encargo, sino de una pregunta fundamental: \u00bfEs posible dise\u00f1ar desde cero una vivienda que no solo acoja, sino que activamente sane y potencie a sus habitantes? &#8216;La Villa-Santuario&#8217; es mi respuesta. Es una exploraci\u00f3n sin concesiones de c\u00f3mo los principios del <strong>Vastu,<\/strong> la <strong>neuroarquitectura<\/strong> y el dise\u00f1o <strong>biof\u00edlico<\/strong> pueden materializarse en un espacio habitable.<\/p>\t\t\t\t\t\t\t\t<\/div>\n\t\t\t\t<\/div>\n\t\t\t\t\t<\/div>\n\t\t\t\t<\/div>\n\t\t<div class=\"elementor-element elementor-element-e236156 e-flex e-con-boxed e-con e-parent\" data-id=\"e236156\" data-element_type=\"container\" data-e-type=\"container\">\n\t\t\t\t\t<div class=\"e-con-inner\">\n\t\t\t\t<div class=\"elementor-element elementor-element-49af52b elementor-widget elementor-widget-heading\" data-id=\"49af52b\" data-element_type=\"widget\" data-e-type=\"widget\" data-widget_type=\"heading.default\">\n\t\t\t\t<div class=\"elementor-widget-container\">\n\t\t\t\t\t<h2 class=\"elementor-heading-title elementor-size-default\">El proceso<\/h2>\t\t\t\t<\/div>\n\t\t\t\t<\/div>\n\t\t\t\t<div class=\"elementor-element elementor-element-7620dbc elementor-widget elementor-widget-text-editor\" data-id=\"7620dbc\" data-element_type=\"widget\" data-e-type=\"widget\" data-widget_type=\"text-editor.default\">\n\t\t\t\t<div class=\"elementor-widget-container\">\n\t\t\t\t\t\t\t\t\t<p>La alineaci\u00f3n con los principios del cosmos y la naturaleza fueron la base de inicio. Entendiendo los flujos de las energ\u00edas de sus habitantes se pueden entender los flujos de energ\u00edas de la vivienda.<\/p>\t\t\t\t\t\t\t\t<\/div>\n\t\t\t\t<\/div>\n\t\t\t\t\t<\/div>\n\t\t\t\t<\/div>\n\t\t<div class=\"elementor-element elementor-element-5c733b2 e-grid e-con-boxed e-con e-parent\" data-id=\"5c733b2\" data-element_type=\"container\" data-e-type=\"container\">\n\t\t\t\t\t<div class=\"e-con-inner\">\n\t\t\t\t<div class=\"elementor-element elementor-element-2d46330 elementor-widget elementor-widget-image\" data-id=\"2d46330\" data-element_type=\"widget\" data-e-type=\"widget\" data-widget_type=\"image.default\">\n\t\t\t\t<div class=\"elementor-widget-container\">\n\t\t\t\t\t\t\t\t\t\t\t\t\t\t\t<img decoding=\"async\" src=\"http:\/\/espaciosparaser.com\/wp-content\/uploads\/2025\/09\/planta-bocetos.png\" title=\"\" alt=\"\" loading=\"lazy\" \/>\t\t\t\t\t\t\t\t\t\t\t\t\t\t\t<\/div>\n\t\t\t\t<\/div>\n\t\t\t\t<div class=\"elementor-element elementor-element-6b05b46 elementor-widget elementor-widget-image\" data-id=\"6b05b46\" data-element_type=\"widget\" data-e-type=\"widget\" data-widget_type=\"image.default\">\n\t\t\t\t<div class=\"elementor-widget-container\">\n\t\t\t\t\t\t\t\t\t\t\t\t\t\t\t<img decoding=\"async\" src=\"http:\/\/espaciosparaser.com\/wp-content\/uploads\/2025\/09\/planta-bocetos-purusha.png\" title=\"\" alt=\"\" loading=\"lazy\" \/>\t\t\t\t\t\t\t\t\t\t\t\t\t\t\t<\/div>\n\t\t\t\t<\/div>\n\t\t\t\t<div class=\"elementor-element elementor-element-d8afb7c elementor-widget elementor-widget-image\" data-id=\"d8afb7c\" data-element_type=\"widget\" data-e-type=\"widget\" data-widget_type=\"image.default\">\n\t\t\t\t<div class=\"elementor-widget-container\">\n\t\t\t\t\t\t\t\t\t\t\t\t\t\t\t<img fetchpriority=\"high\" decoding=\"async\" width=\"1024\" height=\"905\" src=\"https:\/\/espaciosparaser.com\/wp-content\/uploads\/2026\/01\/planta-bocetos-flujos-1024x905.png\" class=\"attachment-large size-large wp-image-2808\" alt=\"\" srcset=\"https:\/\/espaciosparaser.com\/wp-content\/uploads\/2026\/01\/planta-bocetos-flujos-1024x905.png 1024w, https:\/\/espaciosparaser.com\/wp-content\/uploads\/2026\/01\/planta-bocetos-flujos-300x265.png 300w, https:\/\/espaciosparaser.com\/wp-content\/uploads\/2026\/01\/planta-bocetos-flujos-768x679.png 768w, https:\/\/espaciosparaser.com\/wp-content\/uploads\/2026\/01\/planta-bocetos-flujos-1536x1358.png 1536w, https:\/\/espaciosparaser.com\/wp-content\/uploads\/2026\/01\/planta-bocetos-flujos-600x530.png 600w, https:\/\/espaciosparaser.com\/wp-content\/uploads\/2026\/01\/planta-bocetos-flujos.png 1734w\" sizes=\"(max-width: 1024px) 100vw, 1024px\" \/>\t\t\t\t\t\t\t\t\t\t\t\t\t\t\t<\/div>\n\t\t\t\t<\/div>\n\t\t\t\t\t<\/div>\n\t\t\t\t<\/div>\n\t\t<div class=\"elementor-element elementor-element-e83c578 e-flex e-con-boxed e-con e-parent\" data-id=\"e83c578\" data-element_type=\"container\" data-e-type=\"container\">\n\t\t\t\t\t<div class=\"e-con-inner\">\n\t\t\t\t<div class=\"elementor-element elementor-element-227714b elementor-widget elementor-widget-text-editor\" data-id=\"227714b\" data-element_type=\"widget\" data-e-type=\"widget\" data-widget_type=\"text-editor.default\">\n\t\t\t\t<div class=\"elementor-widget-container\">\n\t\t\t\t\t\t\t\t\t<p>Todo espacio tiene un coraz\u00f3n energ\u00e9tico. Antes de trazar una sola pared, nuestro proceso comienza alineando el dise\u00f1o con el Vastu Purusha Mandala, un antiguo mapa cosmol\u00f3gico que nos permite armonizar la estructura con los flujos de la naturaleza. No se trata de reglas r\u00edgidas, sino de infundir al plano una inteligencia sagrada desde su mismo nacimiento.<\/p>\t\t\t\t\t\t\t\t<\/div>\n\t\t\t\t<\/div>\n\t\t\t\t\t<\/div>\n\t\t\t\t<\/div>\n\t\t<div class=\"elementor-element elementor-element-d991406 e-grid e-con-boxed e-con e-parent\" data-id=\"d991406\" data-element_type=\"container\" data-e-type=\"container\">\n\t\t\t\t\t<div class=\"e-con-inner\">\n\t\t\t\t<div class=\"elementor-element elementor-element-a08b540 elementor-widget elementor-widget-text-editor\" data-id=\"a08b540\" data-element_type=\"widget\" data-e-type=\"widget\" data-widget_type=\"text-editor.default\">\n\t\t\t\t<div class=\"elementor-widget-container\">\n\t\t\t\t\t\t\t\t\t<p>La selecci\u00f3n de materiales es la esencia del proceso, ya que a trav\u00e9s de ellos creamos la piel y sentimos el hogar.<\/p><p>Maderas locales tratadas para exteriores que promueven la conexi\u00f3n con la tierra.<\/p><p>Linos naturales para fomentar la respiraci\u00f3n, el Yute y el Rattan como elementos naturales que aportan calidez.<\/p><p>Cristal Biof\u00edlico con recubrimiento especial que minimiza la transferencia de calor, lo que ayuda a crear ambientes interiores c\u00f3modos, y eficiencientes energ\u00e9ticamente.\u00a0<\/p><p>Pinturas de cal en paredes y techo que le da m\u00e1s calidez y sensaci\u00f3n de refugio.<\/p>\t\t\t\t\t\t\t\t<\/div>\n\t\t\t\t<\/div>\n\t\t\t\t<div class=\"elementor-element elementor-element-7a00cca elementor-widget elementor-widget-image\" data-id=\"7a00cca\" data-element_type=\"widget\" data-e-type=\"widget\" data-widget_type=\"image.default\">\n\t\t\t\t<div class=\"elementor-widget-container\">\n\t\t\t\t\t\t\t\t\t\t\t\t\t\t\t<img decoding=\"async\" width=\"825\" height=\"1024\" src=\"https:\/\/espaciosparaser.com\/wp-content\/uploads\/2026\/02\/moodboard-villa-sacra-825x1024.jpg\" class=\"attachment-large size-large wp-image-3121\" alt=\"\" srcset=\"https:\/\/espaciosparaser.com\/wp-content\/uploads\/2026\/02\/moodboard-villa-sacra-825x1024.jpg 825w, https:\/\/espaciosparaser.com\/wp-content\/uploads\/2026\/02\/moodboard-villa-sacra-242x300.jpg 242w, https:\/\/espaciosparaser.com\/wp-content\/uploads\/2026\/02\/moodboard-villa-sacra-768x953.jpg 768w, https:\/\/espaciosparaser.com\/wp-content\/uploads\/2026\/02\/moodboard-villa-sacra-300x372.jpg 300w, https:\/\/espaciosparaser.com\/wp-content\/uploads\/2026\/02\/moodboard-villa-sacra-600x745.jpg 600w, https:\/\/espaciosparaser.com\/wp-content\/uploads\/2026\/02\/moodboard-villa-sacra.jpg 928w\" sizes=\"(max-width: 825px) 100vw, 825px\" \/>\t\t\t\t\t\t\t\t\t\t\t\t\t\t\t<\/div>\n\t\t\t\t<\/div>\n\t\t\t\t\t<\/div>\n\t\t\t\t<\/div>\n\t\t<div class=\"elementor-element elementor-element-81b1c0f e-grid e-con-boxed e-con e-parent\" data-id=\"81b1c0f\" data-element_type=\"container\" data-e-type=\"container\">\n\t\t\t\t\t<div class=\"e-con-inner\">\n\t\t\t\t<div class=\"elementor-element elementor-element-169667d elementor-widget elementor-widget-image\" data-id=\"169667d\" data-element_type=\"widget\" data-e-type=\"widget\" data-widget_type=\"image.default\">\n\t\t\t\t<div class=\"elementor-widget-container\">\n\t\t\t\t\t\t\t\t\t\t\t\t\t\t\t<img decoding=\"async\" width=\"1024\" height=\"563\" src=\"https:\/\/espaciosparaser.com\/wp-content\/uploads\/2026\/02\/web-1024x563.jpg\" class=\"attachment-large size-large wp-image-3148\" alt=\"\" srcset=\"https:\/\/espaciosparaser.com\/wp-content\/uploads\/2026\/02\/web-1024x563.jpg 1024w, https:\/\/espaciosparaser.com\/wp-content\/uploads\/2026\/02\/web-300x165.jpg 300w, https:\/\/espaciosparaser.com\/wp-content\/uploads\/2026\/02\/web-768x422.jpg 768w, https:\/\/espaciosparaser.com\/wp-content\/uploads\/2026\/02\/web-600x330.jpg 600w, https:\/\/espaciosparaser.com\/wp-content\/uploads\/2026\/02\/web.jpg 1233w\" sizes=\"(max-width: 1024px) 100vw, 1024px\" \/>\t\t\t\t\t\t\t\t\t\t\t\t\t\t\t<\/div>\n\t\t\t\t<\/div>\n\t\t\t\t<div class=\"elementor-element elementor-element-0bbc835 elementor-widget elementor-widget-text-editor\" data-id=\"0bbc835\" data-element_type=\"widget\" data-e-type=\"widget\" data-widget_type=\"text-editor.default\">\n\t\t\t\t<div class=\"elementor-widget-container\">\n\t\t\t\t\t\t\t\t\t<p>La distribuci\u00f3n de los materiales en el espacio permite continua con este di\u00e1logo entre sus habitantes con la naturaleza. Creando as\u00ed una comunicaci\u00f3n fluida en la que uno se convierte en el reflejo del otro.<\/p><p>La relaci\u00f3n interior o exterior es la representaci\u00f3n de este di\u00e1logo continuo.\u00a0<\/p>\t\t\t\t\t\t\t\t<\/div>\n\t\t\t\t<\/div>\n\t\t\t\t<div class=\"elementor-element elementor-element-4f9c824 elementor-widget elementor-widget-text-editor\" data-id=\"4f9c824\" data-element_type=\"widget\" data-e-type=\"widget\" data-widget_type=\"text-editor.default\">\n\t\t\t\t<div class=\"elementor-widget-container\">\n\t\t\t\t\t\t\t\t\t<p>El coraz\u00f3n del hogar, el patio central. El espacio sagrado en donde se crea la uni\u00f3n naturaleza &#8211; hombre. Un espacio que nos recuerda mirar al interior, no solo despu\u00e9s de un d\u00eda ajetreado, sino durante todo el d\u00eda. Es un espacio que al igual que el coraz\u00f3n transmite ese pulso constante. Representado por una pira de piedra en donde se mantiene el fuego como s\u00edmbolo de la renovaci\u00f3n constante.<\/p>\t\t\t\t\t\t\t\t<\/div>\n\t\t\t\t<\/div>\n\t\t\t\t<div class=\"elementor-element elementor-element-5c42af7 elementor-widget elementor-widget-image\" data-id=\"5c42af7\" data-element_type=\"widget\" data-e-type=\"widget\" data-widget_type=\"image.default\">\n\t\t\t\t<div class=\"elementor-widget-container\">\n\t\t\t\t\t\t\t\t\t\t\t\t\t\t\t<img decoding=\"async\" src=\"http:\/\/espaciosparaser.com\/wp-content\/uploads\/2025\/09\/patio-central-web.png\" title=\"\" alt=\"\" loading=\"lazy\" \/>\t\t\t\t\t\t\t\t\t\t\t\t\t\t\t<\/div>\n\t\t\t\t<\/div>\n\t\t\t\t\t<\/div>\n\t\t\t\t<\/div>\n\t\t<div class=\"elementor-element elementor-element-356f632 e-flex e-con-boxed e-con e-parent\" data-id=\"356f632\" data-element_type=\"container\" data-e-type=\"container\">\n\t\t\t\t\t<div class=\"e-con-inner\">\n\t\t\t\t<div class=\"elementor-element elementor-element-06929aa elementor-widget elementor-widget-text-editor\" data-id=\"06929aa\" data-element_type=\"widget\" data-e-type=\"widget\" data-widget_type=\"text-editor.default\">\n\t\t\t\t<div class=\"elementor-widget-container\">\n\t\t\t\t\t\t\t\t\t<p>Grandes espacios de relax en donde los habitantes pueden dar rienda suelta a sus h\u00e1bitos saludables, y a sus momentos de contemplaci\u00f3n. Y los flujos en que accede y sale la energ\u00eda del hogar de la misma manera que inhalamos y exhalamos los seres humanos.<\/p>\t\t\t\t\t\t\t\t<\/div>\n\t\t\t\t<\/div>\n\t\t\t\t<div class=\"elementor-element elementor-element-888efa1 elementor-widget elementor-widget-image\" data-id=\"888efa1\" data-element_type=\"widget\" data-e-type=\"widget\" data-widget_type=\"image.default\">\n\t\t\t\t<div class=\"elementor-widget-container\">\n\t\t\t\t\t\t\t\t\t\t\t\t\t\t\t<img decoding=\"async\" src=\"http:\/\/espaciosparaser.com\/wp-content\/uploads\/2025\/09\/Villa-hero-web.png\" title=\"\" alt=\"\" loading=\"lazy\" \/>\t\t\t\t\t\t\t\t\t\t\t\t\t\t\t<\/div>\n\t\t\t\t<\/div>\n\t\t\t\t\t<\/div>\n\t\t\t\t<\/div>\n\t\t<div class=\"elementor-element elementor-element-fa81aca e-flex e-con-boxed e-con e-parent\" data-id=\"fa81aca\" data-element_type=\"container\" data-e-type=\"container\">\n\t\t\t\t\t<div class=\"e-con-inner\">\n\t\t\t\t<div class=\"elementor-element elementor-element-0e16cec elementor-widget elementor-widget-text-editor\" data-id=\"0e16cec\" data-element_type=\"widget\" data-e-type=\"widget\" data-widget_type=\"text-editor.default\">\n\t\t\t\t<div class=\"elementor-widget-container\">\n\t\t\t\t\t\t\t\t\t<p>Las \u00e1reas mas privadas son los espacios de refugio e intimidad, por eso se recubren con una segunda piel que es flexible a las necesidades de sus habitantes.<\/p>\t\t\t\t\t\t\t\t<\/div>\n\t\t\t\t<\/div>\n\t\t\t\t<div class=\"elementor-element elementor-element-8c24e63 elementor-widget elementor-widget-image\" data-id=\"8c24e63\" data-element_type=\"widget\" data-e-type=\"widget\" data-widget_type=\"image.default\">\n\t\t\t\t<div class=\"elementor-widget-container\">\n\t\t\t\t\t\t\t\t\t\t\t\t\t\t\t<img decoding=\"async\" src=\"http:\/\/espaciosparaser.com\/wp-content\/uploads\/2025\/09\/sala-yoga.png\" title=\"\" alt=\"\" loading=\"lazy\" \/>\t\t\t\t\t\t\t\t\t\t\t\t\t\t\t<\/div>\n\t\t\t\t<\/div>\n\t\t\t\t\t<\/div>\n\t\t\t\t<\/div>\n\t\t<div class=\"elementor-element elementor-element-318428a e-flex e-con-boxed e-con e-parent\" data-id=\"318428a\" data-element_type=\"container\" data-e-type=\"container\">\n\t\t\t\t\t<div class=\"e-con-inner\">\n\t\t\t\t\t<\/div>\n\t\t\t\t<\/div>\n\t\t<div class=\"elementor-element elementor-element-887e0bb e-flex e-con-boxed e-con e-parent\" data-id=\"887e0bb\" data-element_type=\"container\" data-e-type=\"container\">\n\t\t\t\t\t<div class=\"e-con-inner\">\n\t\t\t\t\t<\/div>\n\t\t\t\t<\/div>\n\t\t\t\t<\/div>\n\t\t","protected":false},"excerpt":{"rendered":"<p>Villa Sacra Este proyecto naci\u00f3 no de un encargo, sino de una pregunta fundamental: \u00bfEs posible dise\u00f1ar desde cero una vivienda que no solo acoja, sino que activamente sane y potencie a sus habitantes? &#8216;La Villa-Santuario&#8217; es mi respuesta. Es una exploraci\u00f3n sin concesiones de c\u00f3mo los principios del Vastu, la neuroarquitectura y el dise\u00f1o [&hellip;]<\/p>\n","protected":false},"author":1,"featured_media":0,"parent":0,"menu_order":0,"comment_status":"closed","ping_status":"closed","template":"","meta":{"_themeisle_gutenberg_block_has_review":false,"footnotes":""},"class_list":["post-3075","page","type-page","status-publish","hentry"],"blocksy_meta":[],"_links":{"self":[{"href":"https:\/\/espaciosparaser.com\/index.php\/wp-json\/wp\/v2\/pages\/3075","targetHints":{"allow":["GET"]}}],"collection":[{"href":"https:\/\/espaciosparaser.com\/index.php\/wp-json\/wp\/v2\/pages"}],"about":[{"href":"https:\/\/espaciosparaser.com\/index.php\/wp-json\/wp\/v2\/types\/page"}],"author":[{"embeddable":true,"href":"https:\/\/espaciosparaser.com\/index.php\/wp-json\/wp\/v2\/users\/1"}],"replies":[{"embeddable":true,"href":"https:\/\/espaciosparaser.com\/index.php\/wp-json\/wp\/v2\/comments?post=3075"}],"version-history":[{"count":62,"href":"https:\/\/espaciosparaser.com\/index.php\/wp-json\/wp\/v2\/pages\/3075\/revisions"}],"predecessor-version":[{"id":3202,"href":"https:\/\/espaciosparaser.com\/index.php\/wp-json\/wp\/v2\/pages\/3075\/revisions\/3202"}],"wp:attachment":[{"href":"https:\/\/espaciosparaser.com\/index.php\/wp-json\/wp\/v2\/media?parent=3075"}],"curies":[{"name":"wp","href":"https:\/\/api.w.org\/{rel}","templated":true}]}}