{"id":1993,"date":"2025-09-04T10:53:04","date_gmt":"2025-09-04T10:53:04","guid":{"rendered":"https:\/\/espaciosparaser.com\/?page_id=1993"},"modified":"2026-02-05T14:26:38","modified_gmt":"2026-02-05T14:26:38","slug":"portafolio","status":"publish","type":"page","link":"https:\/\/espaciosparaser.com\/index.php\/portafolio\/","title":{"rendered":"Portafolio"},"content":{"rendered":"\t\t<div data-elementor-type=\"wp-page\" data-elementor-id=\"1993\" class=\"elementor elementor-1993\" data-elementor-post-type=\"page\">\n\t\t\t\t<div class=\"elementor-element elementor-element-57e3b4f e-flex e-con-boxed e-con e-parent\" data-id=\"57e3b4f\" data-element_type=\"container\" data-e-type=\"container\">\n\t\t\t\t\t<div class=\"e-con-inner\">\n\t\t\t\t<div class=\"elementor-element elementor-element-b11863f elementor-widget elementor-widget-heading\" data-id=\"b11863f\" data-element_type=\"widget\" data-e-type=\"widget\" data-widget_type=\"heading.default\">\n\t\t\t\t<div class=\"elementor-widget-container\">\n\t\t\t\t\t<h2 class=\"elementor-heading-title elementor-size-default\">El Viaje Hacia un Espacio Consciente<\/h2>\t\t\t\t<\/div>\n\t\t\t\t<\/div>\n\t\t\t\t\t<\/div>\n\t\t\t\t<\/div>\n\t\t<div class=\"elementor-element elementor-element-23fe165 e-flex e-con-boxed e-con e-parent\" data-id=\"23fe165\" data-element_type=\"container\" data-e-type=\"container\">\n\t\t\t\t\t<div class=\"e-con-inner\">\n\t\t\t\t<div class=\"elementor-element elementor-element-3364da9 elementor-widget elementor-widget-text-editor\" data-id=\"3364da9\" data-element_type=\"widget\" data-e-type=\"widget\" data-widget_type=\"text-editor.default\">\n\t\t\t\t<div class=\"elementor-widget-container\">\n\t\t\t\t\t\t\t\t\t<p>M\u00e1s que un portfolio, esto es una galer\u00eda de transformaciones. Cada hogar es el resultado de un viaje colaborativo para dar forma f\u00edsica al alma de sus habitantes. Descubre la historia \u00fanica detr\u00e1s de cada puerta.<\/p>\t\t\t\t\t\t\t\t<\/div>\n\t\t\t\t<\/div>\n\t\t\t\t\t<\/div>\n\t\t\t\t<\/div>\n\t\t<div class=\"elementor-element elementor-element-3c112e1 e-grid e-con-boxed e-con e-parent\" data-id=\"3c112e1\" data-element_type=\"container\" data-e-type=\"container\">\n\t\t\t\t\t<div class=\"e-con-inner\">\n\t\t\t\t<div class=\"elementor-element elementor-element-6b863e9 elementor-widget elementor-widget-heading\" data-id=\"6b863e9\" data-element_type=\"widget\" data-e-type=\"widget\" data-widget_type=\"heading.default\">\n\t\t\t\t<div class=\"elementor-widget-container\">\n\t\t\t\t\t<h2 class=\"elementor-heading-title elementor-size-default\">Villa Sacra<\/h2>\t\t\t\t<\/div>\n\t\t\t\t<\/div>\n\t\t\t\t<div class=\"elementor-element elementor-element-99db1c3 elementor-widget elementor-widget-heading\" data-id=\"99db1c3\" data-element_type=\"widget\" data-e-type=\"widget\" data-widget_type=\"heading.default\">\n\t\t\t\t<div class=\"elementor-widget-container\">\n\t\t\t\t\t<h2 class=\"elementor-heading-title elementor-size-default\">Villa Santuario<\/h2>\t\t\t\t<\/div>\n\t\t\t\t<\/div>\n\t\t\t\t\t<\/div>\n\t\t\t\t<\/div>\n\t\t<div class=\"elementor-element elementor-element-0ea77e6 e-grid e-con-boxed e-con e-parent\" data-id=\"0ea77e6\" data-element_type=\"container\" data-e-type=\"container\">\n\t\t\t\t\t<div class=\"e-con-inner\">\n\t\t\t\t<div class=\"elementor-element elementor-element-bb41769 elementor-widget elementor-widget-image\" data-id=\"bb41769\" data-element_type=\"widget\" data-e-type=\"widget\" data-widget_type=\"image.default\">\n\t\t\t\t<div class=\"elementor-widget-container\">\n\t\t\t\t\t\t\t\t\t\t\t\t\t\t\t\t<a href=\"https:\/\/espaciosparaser.com\/index.php\/villa-sacra\/\" target=\"_blank\">\n\t\t\t\t\t\t\t<img fetchpriority=\"high\" decoding=\"async\" width=\"1024\" height=\"576\" src=\"https:\/\/espaciosparaser.com\/wp-content\/uploads\/2026\/02\/Hero-Villa-Sacra-1024x576.jpg\" class=\"attachment-large size-large wp-image-3209\" alt=\"\" srcset=\"https:\/\/espaciosparaser.com\/wp-content\/uploads\/2026\/02\/Hero-Villa-Sacra-1024x576.jpg 1024w, https:\/\/espaciosparaser.com\/wp-content\/uploads\/2026\/02\/Hero-Villa-Sacra-300x169.jpg 300w, https:\/\/espaciosparaser.com\/wp-content\/uploads\/2026\/02\/Hero-Villa-Sacra-768x432.jpg 768w, https:\/\/espaciosparaser.com\/wp-content\/uploads\/2026\/02\/Hero-Villa-Sacra-1536x864.jpg 1536w, https:\/\/espaciosparaser.com\/wp-content\/uploads\/2026\/02\/Hero-Villa-Sacra-600x338.jpg 600w, https:\/\/espaciosparaser.com\/wp-content\/uploads\/2026\/02\/Hero-Villa-Sacra.jpg 1920w\" sizes=\"(max-width: 1024px) 100vw, 1024px\" \/>\t\t\t\t\t\t\t\t<\/a>\n\t\t\t\t\t\t\t\t\t\t\t\t\t\t\t<\/div>\n\t\t\t\t<\/div>\n\t\t\t\t<div class=\"elementor-element elementor-element-2778bad elementor-widget elementor-widget-image\" data-id=\"2778bad\" data-element_type=\"widget\" data-e-type=\"widget\" data-widget_type=\"image.default\">\n\t\t\t\t<div class=\"elementor-widget-container\">\n\t\t\t\t\t\t\t\t\t\t\t\t\t\t\t\t<a href=\"https:\/\/espaciosparaser.com\/index.php\/villa-santuario\/\" target=\"_blank\">\n\t\t\t\t\t\t\t<img decoding=\"async\" width=\"1024\" height=\"576\" src=\"https:\/\/espaciosparaser.com\/wp-content\/uploads\/2026\/02\/SalonNuevo9-1024x576.jpg\" class=\"attachment-large size-large wp-image-3210\" alt=\"\" srcset=\"https:\/\/espaciosparaser.com\/wp-content\/uploads\/2026\/02\/SalonNuevo9-1024x576.jpg 1024w, https:\/\/espaciosparaser.com\/wp-content\/uploads\/2026\/02\/SalonNuevo9-300x169.jpg 300w, https:\/\/espaciosparaser.com\/wp-content\/uploads\/2026\/02\/SalonNuevo9-768x432.jpg 768w, https:\/\/espaciosparaser.com\/wp-content\/uploads\/2026\/02\/SalonNuevo9-1536x864.jpg 1536w, https:\/\/espaciosparaser.com\/wp-content\/uploads\/2026\/02\/SalonNuevo9-600x338.jpg 600w, https:\/\/espaciosparaser.com\/wp-content\/uploads\/2026\/02\/SalonNuevo9.jpg 1920w\" sizes=\"(max-width: 1024px) 100vw, 1024px\" \/>\t\t\t\t\t\t\t\t<\/a>\n\t\t\t\t\t\t\t\t\t\t\t\t\t\t\t<\/div>\n\t\t\t\t<\/div>\n\t\t\t\t\t<\/div>\n\t\t\t\t<\/div>\n\t\t\t\t<\/div>\n\t\t","protected":false},"excerpt":{"rendered":"<p>El Viaje Hacia un Espacio Consciente M\u00e1s que un portfolio, esto es una galer\u00eda de transformaciones. Cada hogar es el resultado de un viaje colaborativo para dar forma f\u00edsica al alma de sus habitantes. Descubre la historia \u00fanica detr\u00e1s de cada puerta. Villa Sacra Villa Santuario<\/p>\n","protected":false},"author":1,"featured_media":0,"parent":0,"menu_order":0,"comment_status":"closed","ping_status":"closed","template":"","meta":{"_themeisle_gutenberg_block_has_review":false,"footnotes":""},"class_list":["post-1993","page","type-page","status-publish","hentry"],"blocksy_meta":[],"_links":{"self":[{"href":"https:\/\/espaciosparaser.com\/index.php\/wp-json\/wp\/v2\/pages\/1993","targetHints":{"allow":["GET"]}}],"collection":[{"href":"https:\/\/espaciosparaser.com\/index.php\/wp-json\/wp\/v2\/pages"}],"about":[{"href":"https:\/\/espaciosparaser.com\/index.php\/wp-json\/wp\/v2\/types\/page"}],"author":[{"embeddable":true,"href":"https:\/\/espaciosparaser.com\/index.php\/wp-json\/wp\/v2\/users\/1"}],"replies":[{"embeddable":true,"href":"https:\/\/espaciosparaser.com\/index.php\/wp-json\/wp\/v2\/comments?post=1993"}],"version-history":[{"count":152,"href":"https:\/\/espaciosparaser.com\/index.php\/wp-json\/wp\/v2\/pages\/1993\/revisions"}],"predecessor-version":[{"id":3304,"href":"https:\/\/espaciosparaser.com\/index.php\/wp-json\/wp\/v2\/pages\/1993\/revisions\/3304"}],"wp:attachment":[{"href":"https:\/\/espaciosparaser.com\/index.php\/wp-json\/wp\/v2\/media?parent=1993"}],"curies":[{"name":"wp","href":"https:\/\/api.w.org\/{rel}","templated":true}]}}