{"id":1792,"date":"2025-09-03T19:15:11","date_gmt":"2025-09-03T19:15:11","guid":{"rendered":"https:\/\/espaciosparaser.com\/?page_id=1792"},"modified":"2026-02-04T14:12:23","modified_gmt":"2026-02-04T14:12:23","slug":"mi-filosofia","status":"publish","type":"page","link":"https:\/\/espaciosparaser.com\/index.php\/mi-filosofia\/","title":{"rendered":"Espacio Interior"},"content":{"rendered":"\t\t<div data-elementor-type=\"wp-page\" data-elementor-id=\"1792\" class=\"elementor elementor-1792\" data-elementor-post-type=\"page\">\n\t\t\t\t<div class=\"elementor-element elementor-element-cc104f7 e-con-full e-flex e-con e-parent\" data-id=\"cc104f7\" data-element_type=\"container\" data-e-type=\"container\">\n\t\t\t\t<div class=\"elementor-element elementor-element-e2d7e61 elementor-widget elementor-widget-image\" data-id=\"e2d7e61\" data-element_type=\"widget\" data-e-type=\"widget\" data-widget_type=\"image.default\">\n\t\t\t\t<div class=\"elementor-widget-container\">\n\t\t\t\t\t\t\t\t\t\t\t\t\t\t\t<img decoding=\"async\" src=\"http:\/\/espaciosparaser.com\/wp-content\/uploads\/2025\/09\/villa-sunrise3-Botero.png\" title=\"\" alt=\"\" loading=\"lazy\" \/>\t\t\t\t\t\t\t\t\t\t\t\t\t\t\t<\/div>\n\t\t\t\t<\/div>\n\t\t\t\t<\/div>\n\t\t<div class=\"elementor-element elementor-element-72dc262 e-flex e-con-boxed e-con e-parent\" data-id=\"72dc262\" data-element_type=\"container\" data-e-type=\"container\">\n\t\t\t\t\t<div class=\"e-con-inner\">\n\t\t\t\t<div class=\"elementor-element elementor-element-2171447 elementor-widget elementor-widget-heading\" data-id=\"2171447\" data-element_type=\"widget\" data-e-type=\"widget\" data-widget_type=\"heading.default\">\n\t\t\t\t<div class=\"elementor-widget-container\">\n\t\t\t\t\t<h2 class=\"elementor-heading-title elementor-size-default\">Mi Filosof\u00eda\n<\/h2>\t\t\t\t<\/div>\n\t\t\t\t<\/div>\n\t\t\t\t\t<\/div>\n\t\t\t\t<\/div>\n\t\t<div class=\"elementor-element elementor-element-7f075d4 e-grid e-con-boxed e-con e-parent\" data-id=\"7f075d4\" data-element_type=\"container\" data-e-type=\"container\">\n\t\t\t\t\t<div class=\"e-con-inner\">\n\t\t\t\t<div class=\"elementor-element elementor-element-e92ccf0 elementor-widget elementor-widget-image\" data-id=\"e92ccf0\" data-element_type=\"widget\" data-e-type=\"widget\" data-widget_type=\"image.default\">\n\t\t\t\t<div class=\"elementor-widget-container\">\n\t\t\t\t\t\t\t\t\t\t\t\t\t\t\t<img fetchpriority=\"high\" decoding=\"async\" width=\"1024\" height=\"683\" src=\"https:\/\/espaciosparaser.com\/wp-content\/uploads\/2025\/09\/hermoso-paisaje-de-la-madre-naturaleza-1024x683.jpg\" class=\"attachment-large size-large wp-image-2025\" alt=\"\" srcset=\"https:\/\/espaciosparaser.com\/wp-content\/uploads\/2025\/09\/hermoso-paisaje-de-la-madre-naturaleza-1024x683.jpg 1024w, https:\/\/espaciosparaser.com\/wp-content\/uploads\/2025\/09\/hermoso-paisaje-de-la-madre-naturaleza-300x200.jpg 300w, https:\/\/espaciosparaser.com\/wp-content\/uploads\/2025\/09\/hermoso-paisaje-de-la-madre-naturaleza-768x512.jpg 768w, https:\/\/espaciosparaser.com\/wp-content\/uploads\/2025\/09\/hermoso-paisaje-de-la-madre-naturaleza-1536x1024.jpg 1536w, https:\/\/espaciosparaser.com\/wp-content\/uploads\/2025\/09\/hermoso-paisaje-de-la-madre-naturaleza-2048x1365.jpg 2048w, https:\/\/espaciosparaser.com\/wp-content\/uploads\/2025\/09\/hermoso-paisaje-de-la-madre-naturaleza-600x400.jpg 600w\" sizes=\"(max-width: 1024px) 100vw, 1024px\" \/>\t\t\t\t\t\t\t\t\t\t\t\t\t\t\t<\/div>\n\t\t\t\t<\/div>\n\t\t\t\t<div class=\"elementor-element elementor-element-b77c789 elementor-widget elementor-widget-text-editor\" data-id=\"b77c789\" data-element_type=\"widget\" data-e-type=\"widget\" data-widget_type=\"text-editor.default\">\n\t\t\t\t<div class=\"elementor-widget-container\">\n\t\t\t\t\t\t\t\t\t<p><strong>La B\u00fasqueda del Espacio Sagrado.<\/strong><\/p><p>Nuestro ser se nutre de los momentos de &#8220;no-mente&#8221;: la calma al contemplar un atardecer, la conexi\u00f3n profunda con un paisaje natural. En esa quietud, donde simplemente &#8220;somos&#8221;, encontramos una paz que es fundamental para combatir el vac\u00edo de la vida moderna.<\/p>\t\t\t\t\t\t\t\t<\/div>\n\t\t\t\t<\/div>\n\t\t\t\t<div class=\"elementor-element elementor-element-dd12129 elementor-widget elementor-widget-image\" data-id=\"dd12129\" data-element_type=\"widget\" data-e-type=\"widget\" data-widget_type=\"image.default\">\n\t\t\t\t<div class=\"elementor-widget-container\">\n\t\t\t\t\t\t\t\t\t\t\t\t\t\t\t<img decoding=\"async\" width=\"1024\" height=\"683\" src=\"https:\/\/espaciosparaser.com\/wp-content\/uploads\/2025\/09\/nellie-adamyan-n2vKNfLaAZQ-unsplash-1024x683.jpg\" class=\"attachment-large size-large wp-image-2006\" alt=\"\" srcset=\"https:\/\/espaciosparaser.com\/wp-content\/uploads\/2025\/09\/nellie-adamyan-n2vKNfLaAZQ-unsplash-1024x683.jpg 1024w, https:\/\/espaciosparaser.com\/wp-content\/uploads\/2025\/09\/nellie-adamyan-n2vKNfLaAZQ-unsplash-300x200.jpg 300w, https:\/\/espaciosparaser.com\/wp-content\/uploads\/2025\/09\/nellie-adamyan-n2vKNfLaAZQ-unsplash-768x512.jpg 768w, https:\/\/espaciosparaser.com\/wp-content\/uploads\/2025\/09\/nellie-adamyan-n2vKNfLaAZQ-unsplash-1536x1024.jpg 1536w, https:\/\/espaciosparaser.com\/wp-content\/uploads\/2025\/09\/nellie-adamyan-n2vKNfLaAZQ-unsplash-2048x1365.jpg 2048w, https:\/\/espaciosparaser.com\/wp-content\/uploads\/2025\/09\/nellie-adamyan-n2vKNfLaAZQ-unsplash-600x400.jpg 600w\" sizes=\"(max-width: 1024px) 100vw, 1024px\" \/>\t\t\t\t\t\t\t\t\t\t\t\t\t\t\t<\/div>\n\t\t\t\t<\/div>\n\t\t\t\t<div class=\"elementor-element elementor-element-124805b elementor-widget elementor-widget-text-editor\" data-id=\"124805b\" data-element_type=\"widget\" data-e-type=\"widget\" data-widget_type=\"text-editor.default\">\n\t\t\t\t<div class=\"elementor-widget-container\">\n\t\t\t\t\t\t\t\t\t<p>Despu\u00e9s de un d\u00eda ajetreado, anhelas que tu hogar sea ese refugio.<\/p><p>Pero, <strong>\u00bflo es realmente? \u00bfTe acoge o te repele?<\/strong><\/p><p>La geometr\u00eda, los colores y las texturas de tu entorno condicionan tu mente sin que te des cuenta. Vivir en un espacio en sinton\u00eda contigo mismo no es un lujo; sino la base desde donde te nutres, te recargas y encuentras cobijo.<\/p>\t\t\t\t\t\t\t\t<\/div>\n\t\t\t\t<\/div>\n\t\t\t\t\t<\/div>\n\t\t\t\t<\/div>\n\t\t<div class=\"elementor-element elementor-element-9e1b94c e-flex e-con-boxed e-con e-parent\" data-id=\"9e1b94c\" data-element_type=\"container\" data-e-type=\"container\">\n\t\t\t\t\t<div class=\"e-con-inner\">\n\t\t\t\t<div class=\"elementor-element elementor-element-ec455be elementor-widget elementor-widget-text-editor\" data-id=\"ec455be\" data-element_type=\"widget\" data-e-type=\"widget\" data-widget_type=\"text-editor.default\">\n\t\t\t\t<div class=\"elementor-widget-container\">\n\t\t\t\t\t\t\t\t\t<p><strong>Fusionando Ciencia, Arte y Alma.<\/strong><br \/>Tu hogar no es un contenedor inerte; es un espejo vivo de tu mundo interior y, a la vez, un poderoso modelador de tu bienestar. Mi filosof\u00eda honra esta profunda conversaci\u00f3n entre t\u00fa y tu espacio.<\/p><p>Nuestro viaje juntas comienza escuchando. A trav\u00e9s de la sabidur\u00eda ancestral del <strong>Vastu,<\/strong> desciframos el lenguaje \u00fanico de tu hogar: sus flujos energ\u00e9ticos, sus patrones silenciosos, las historias que susurran sus muros. Entendemos d\u00f3nde te apoya y d\u00f3nde, quiz\u00e1s, est\u00e1 bloqueando tu vitalidad.<\/p><p>Con esa claridad, dise\u00f1amos. La <strong>Neuroarquitectura<\/strong> nos gu\u00eda para crear ambientes que tu cerebro interprete como seguros, inspiradores y nutritivos. No se trata solo de est\u00e9tica; se trata de traducir tu esencia en formas, texturas y distribuciones que te eleven. Creamos planos para el bienestar, dise\u00f1ados a tu medida.<\/p>\t\t\t\t\t\t\t\t<\/div>\n\t\t\t\t<\/div>\n\t\t\t\t\t<\/div>\n\t\t\t\t<\/div>\n\t\t<div class=\"elementor-element elementor-element-7648cc8 e-grid e-con-boxed e-con e-parent\" data-id=\"7648cc8\" data-element_type=\"container\" data-e-type=\"container\">\n\t\t\t\t\t<div class=\"e-con-inner\">\n\t\t\t\t<div class=\"elementor-element elementor-element-17f3b09 elementor-widget elementor-widget-image\" data-id=\"17f3b09\" data-element_type=\"widget\" data-e-type=\"widget\" data-widget_type=\"image.default\">\n\t\t\t\t<div class=\"elementor-widget-container\">\n\t\t\t\t\t\t\t\t\t\t\t\t\t\t\t<img decoding=\"async\" width=\"820\" height=\"680\" src=\"https:\/\/espaciosparaser.com\/wp-content\/uploads\/2021\/04\/card-img-7@2x.jpg\" class=\"attachment-large size-large wp-image-613\" alt=\"\" srcset=\"https:\/\/espaciosparaser.com\/wp-content\/uploads\/2021\/04\/card-img-7@2x.jpg 820w, https:\/\/espaciosparaser.com\/wp-content\/uploads\/2021\/04\/card-img-7@2x-600x498.jpg 600w, https:\/\/espaciosparaser.com\/wp-content\/uploads\/2021\/04\/card-img-7@2x-300x249.jpg 300w, https:\/\/espaciosparaser.com\/wp-content\/uploads\/2021\/04\/card-img-7@2x-768x637.jpg 768w\" sizes=\"(max-width: 820px) 100vw, 820px\" \/>\t\t\t\t\t\t\t\t\t\t\t\t\t\t\t<\/div>\n\t\t\t\t<\/div>\n\t\t\t\t<div class=\"elementor-element elementor-element-ff334be elementor-widget elementor-widget-text-editor\" data-id=\"ff334be\" data-element_type=\"widget\" data-e-type=\"widget\" data-widget_type=\"text-editor.default\">\n\t\t\t\t<div class=\"elementor-widget-container\">\n\t\t\t\t\t\t\t\t\t<p><strong>Los Pilares de un Espacio Consciente.<\/strong><\/p><p>Esto va m\u00e1s all\u00e1 de elegir muebles bonitos. Se trata de tomar decisiones de dise\u00f1o \u2014sobre <strong>el flujo y la geometr\u00eda, la luz y el tiempo, la materia y los sentidos<\/strong>\u2014 que est\u00e9n intr\u00ednsecamente alineadas con tu bienestar.<\/p>\t\t\t\t\t\t\t\t<\/div>\n\t\t\t\t<\/div>\n\t\t\t\t<div class=\"elementor-element elementor-element-9d71159 elementor-widget elementor-widget-image\" data-id=\"9d71159\" data-element_type=\"widget\" data-e-type=\"widget\" data-widget_type=\"image.default\">\n\t\t\t\t<div class=\"elementor-widget-container\">\n\t\t\t\t\t\t\t\t\t\t\t\t\t\t\t<img loading=\"lazy\" decoding=\"async\" width=\"1024\" height=\"657\" src=\"https:\/\/espaciosparaser.com\/wp-content\/uploads\/2025\/09\/web-1024x657.png\" class=\"attachment-large size-large wp-image-2015\" alt=\"\" srcset=\"https:\/\/espaciosparaser.com\/wp-content\/uploads\/2025\/09\/web-1024x657.png 1024w, https:\/\/espaciosparaser.com\/wp-content\/uploads\/2025\/09\/web-300x192.png 300w, https:\/\/espaciosparaser.com\/wp-content\/uploads\/2025\/09\/web-768x493.png 768w, https:\/\/espaciosparaser.com\/wp-content\/uploads\/2025\/09\/web-600x385.png 600w, https:\/\/espaciosparaser.com\/wp-content\/uploads\/2025\/09\/web.png 1233w\" sizes=\"(max-width: 1024px) 100vw, 1024px\" \/>\t\t\t\t\t\t\t\t\t\t\t\t\t\t\t<\/div>\n\t\t\t\t<\/div>\n\t\t\t\t<div class=\"elementor-element elementor-element-3519acf elementor-widget elementor-widget-text-editor\" data-id=\"3519acf\" data-element_type=\"widget\" data-e-type=\"widget\" data-widget_type=\"text-editor.default\">\n\t\t\t\t<div class=\"elementor-widget-container\">\n\t\t\t\t\t\t\t\t\t<p>Un espacio consciente se siente. Se percibe con todo el cuerpo. Por eso priorizamos los <strong>materiales naturales<\/strong> que nos permiten conectar, que nos alejan del mundo sint\u00e9tico y estandarizado que corta el di\u00e1logo. <strong>La naturaleza viva, integrada en tu hogar, te nutre y te sana.<\/strong> El objetivo es que, tras nuestro trabajo, tu <strong>espacio resuene contigo<\/strong> a un nivel profundo, elevando tu bienestar d\u00eda a d\u00eda.<\/p>\t\t\t\t\t\t\t\t<\/div>\n\t\t\t\t<\/div>\n\t\t\t\t\t<\/div>\n\t\t\t\t<\/div>\n\t\t<div class=\"elementor-element elementor-element-1da3723 e-grid e-con-boxed e-con e-parent\" data-id=\"1da3723\" data-element_type=\"container\" data-e-type=\"container\">\n\t\t\t\t\t<div class=\"e-con-inner\">\n\t\t\t\t<div class=\"elementor-element elementor-element-bd0bf7d elementor-widget elementor-widget-image\" data-id=\"bd0bf7d\" data-element_type=\"widget\" data-e-type=\"widget\" data-widget_type=\"image.default\">\n\t\t\t\t<div class=\"elementor-widget-container\">\n\t\t\t\t\t\t\t\t\t\t\t\t\t\t\t<img loading=\"lazy\" decoding=\"async\" width=\"860\" height=\"862\" src=\"https:\/\/espaciosparaser.com\/wp-content\/uploads\/2025\/09\/nityaminimalist.png\" class=\"attachment-large size-large wp-image-2044\" alt=\"\" srcset=\"https:\/\/espaciosparaser.com\/wp-content\/uploads\/2025\/09\/nityaminimalist.png 860w, https:\/\/espaciosparaser.com\/wp-content\/uploads\/2025\/09\/nityaminimalist-300x300.png 300w, https:\/\/espaciosparaser.com\/wp-content\/uploads\/2025\/09\/nityaminimalist-150x150.png 150w, https:\/\/espaciosparaser.com\/wp-content\/uploads\/2025\/09\/nityaminimalist-768x770.png 768w, https:\/\/espaciosparaser.com\/wp-content\/uploads\/2025\/09\/nityaminimalist-600x601.png 600w, https:\/\/espaciosparaser.com\/wp-content\/uploads\/2025\/09\/nityaminimalist-100x100.png 100w\" sizes=\"(max-width: 860px) 100vw, 860px\" \/>\t\t\t\t\t\t\t\t\t\t\t\t\t\t\t<\/div>\n\t\t\t\t<\/div>\n\t\t\t\t<div class=\"elementor-element elementor-element-257a50d elementor-widget elementor-widget-text-editor\" data-id=\"257a50d\" data-element_type=\"widget\" data-e-type=\"widget\" data-widget_type=\"text-editor.default\">\n\t\t\t\t<div class=\"elementor-widget-container\">\n\t\t\t\t\t\t\t\t\t<p><strong>M\u00e1s All\u00e1 del Dise\u00f1o: El Arte de Habitar.<\/strong><\/p><p>La transformaci\u00f3n no termina con la entrega de unos planos. Mi objetivo final es entregarte un espacio que te impulse a vivir con mayor calma, claridad y plenitud. Un lugar que te ense\u00f1e a habitar de una manera nueva, m\u00e1s consciente.<\/p><p>Porque al final, entiendes la verdad m\u00e1s profunda: <strong>ese espacio sagrado eres t\u00fa mismo.<\/strong><\/p>\t\t\t\t\t\t\t\t<\/div>\n\t\t\t\t<\/div>\n\t\t\t\t\t<\/div>\n\t\t\t\t<\/div>\n\t\t<div class=\"elementor-element elementor-element-a6cda83 e-flex e-con-boxed e-con e-parent\" data-id=\"a6cda83\" data-element_type=\"container\" data-e-type=\"container\">\n\t\t\t\t\t<div class=\"e-con-inner\">\n\t\t\t\t\t<\/div>\n\t\t\t\t<\/div>\n\t\t\t\t<\/div>\n\t\t","protected":false},"excerpt":{"rendered":"<p>Mi Filosof\u00eda La B\u00fasqueda del Espacio Sagrado. Nuestro ser se nutre de los momentos de &#8220;no-mente&#8221;: la calma al contemplar un atardecer, la conexi\u00f3n profunda con un paisaje natural. En esa quietud, donde simplemente &#8220;somos&#8221;, encontramos una paz que es fundamental para combatir el vac\u00edo de la vida moderna. Despu\u00e9s de un d\u00eda ajetreado, anhelas [&hellip;]<\/p>\n","protected":false},"author":1,"featured_media":0,"parent":0,"menu_order":0,"comment_status":"closed","ping_status":"closed","template":"elementor_header_footer","meta":{"_themeisle_gutenberg_block_has_review":false,"footnotes":""},"class_list":["post-1792","page","type-page","status-publish","hentry"],"blocksy_meta":[],"_links":{"self":[{"href":"https:\/\/espaciosparaser.com\/index.php\/wp-json\/wp\/v2\/pages\/1792","targetHints":{"allow":["GET"]}}],"collection":[{"href":"https:\/\/espaciosparaser.com\/index.php\/wp-json\/wp\/v2\/pages"}],"about":[{"href":"https:\/\/espaciosparaser.com\/index.php\/wp-json\/wp\/v2\/types\/page"}],"author":[{"embeddable":true,"href":"https:\/\/espaciosparaser.com\/index.php\/wp-json\/wp\/v2\/users\/1"}],"replies":[{"embeddable":true,"href":"https:\/\/espaciosparaser.com\/index.php\/wp-json\/wp\/v2\/comments?post=1792"}],"version-history":[{"count":89,"href":"https:\/\/espaciosparaser.com\/index.php\/wp-json\/wp\/v2\/pages\/1792\/revisions"}],"predecessor-version":[{"id":2752,"href":"https:\/\/espaciosparaser.com\/index.php\/wp-json\/wp\/v2\/pages\/1792\/revisions\/2752"}],"wp:attachment":[{"href":"https:\/\/espaciosparaser.com\/index.php\/wp-json\/wp\/v2\/media?parent=1792"}],"curies":[{"name":"wp","href":"https:\/\/api.w.org\/{rel}","templated":true}]}}